{"id":14,"date":"2024-04-02T13:16:33","date_gmt":"2024-04-02T13:16:33","guid":{"rendered":"https:\/\/uniacoferragens.com.br\/?page_id=14"},"modified":"2024-05-21T17:28:50","modified_gmt":"2024-05-21T17:28:50","slug":"sobre-nos","status":"publish","type":"page","link":"https:\/\/uniacoferragens.com.br\/?page_id=14","title":{"rendered":"Projetos"},"content":{"rendered":"\t\t<div data-elementor-type=\"wp-page\" data-elementor-id=\"14\" class=\"elementor elementor-14\" data-elementor-post-type=\"page\">\n\t\t\t\t<div class=\"elementor-element elementor-element-e1d4844 e-flex e-con-boxed e-con e-parent\" data-id=\"e1d4844\" data-element_type=\"container\">\n\t\t\t\t\t<div class=\"e-con-inner\">\n\t\t<div class=\"elementor-element elementor-element-c1bde49 e-con-full e-flex e-con e-child\" data-id=\"c1bde49\" data-element_type=\"container\">\n\t\t\t\t<div class=\"elementor-element elementor-element-940548c elementor-widget elementor-widget-heading\" data-id=\"940548c\" data-element_type=\"widget\" data-widget_type=\"heading.default\">\n\t\t\t\t<div class=\"elementor-widget-container\">\n\t\t\t<h2 class=\"elementor-heading-title elementor-size-default\">Projetos<\/h2>\t\t<\/div>\n\t\t\t\t<\/div>\n\t\t\t\t<div class=\"elementor-element elementor-element-6ae51b8 elementor-widget-divider--view-line elementor-widget elementor-widget-divider\" data-id=\"6ae51b8\" data-element_type=\"widget\" data-widget_type=\"divider.default\">\n\t\t\t\t<div class=\"elementor-widget-container\">\n\t\t\t\t\t<div class=\"elementor-divider\">\n\t\t\t<span class=\"elementor-divider-separator\">\n\t\t\t\t\t\t<\/span>\n\t\t<\/div>\n\t\t\t\t<\/div>\n\t\t\t\t<\/div>\n\t\t\t\t<div class=\"elementor-element elementor-element-343be77 elementor-widget__width-initial elementor-widget elementor-widget-text-editor\" data-id=\"343be77\" data-element_type=\"widget\" data-widget_type=\"text-editor.default\">\n\t\t\t\t<div class=\"elementor-widget-container\">\n\t\t\t\t\t\t\t<p>Recebemos diariamente projetos em que juntamente com o cliente entendemos a necessidade final para trazer solu\u00e7\u00f5es inovadoras e competitivas.<br \/>Fazemos a leitura e interpreta\u00e7\u00e3o de desenho, a programa\u00e7\u00e3o e o desenvolvimento dos mais diversos produtos em chapas com corte e dobra, corte especiais em plasma visando sempre superar as expectativas.<br \/>Para isso, contamos com uma equipe altamente qualificada com desenhista t\u00e9cnico, desenhista mec\u00e2nico, projetista, torneiro mec\u00e2nico, caldeireiro e ferramenteiro. <br \/>Veja alguns dos nossos projetos.<\/p>\t\t\t\t\t\t<\/div>\n\t\t\t\t<\/div>\n\t\t\t\t<\/div>\n\t\t<div class=\"elementor-element elementor-element-506e5ee e-con-full e-flex e-con e-child\" data-id=\"506e5ee\" data-element_type=\"container\">\n\t\t\t\t<div class=\"elementor-element elementor-element-f6f91bd elementor-widget elementor-widget-image\" data-id=\"f6f91bd\" data-element_type=\"widget\" data-widget_type=\"image.default\">\n\t\t\t\t<div class=\"elementor-widget-container\">\n\t\t\t\t\t\t\t\t\t\t\t\t\t<img fetchpriority=\"high\" decoding=\"async\" width=\"2048\" height=\"1152\" src=\"https:\/\/uniacoferragens.com.br\/wp-content\/uploads\/2024\/04\/1-2.png\" class=\"attachment-2048x2048 size-2048x2048 wp-image-101\" alt=\"\" \/>\t\t\t\t\t\t\t\t\t\t\t\t\t<\/div>\n\t\t\t\t<\/div>\n\t\t\t\t<\/div>\n\t\t\t\t\t<\/div>\n\t\t\t\t<\/div>\n\t\t<div class=\"elementor-element elementor-element-7df2c43 e-flex e-con-boxed e-con e-child\" data-id=\"7df2c43\" data-element_type=\"container\">\n\t\t\t\t\t<div class=\"e-con-inner\">\n\t\t<div class=\"elementor-element elementor-element-344dd22 e-flex e-con-boxed e-con e-child\" data-id=\"344dd22\" data-element_type=\"container\">\n\t\t\t\t\t<div class=\"e-con-inner\">\n\t\t\t\t<div class=\"elementor-element elementor-element-3995c8e elementor-widget elementor-widget-heading\" data-id=\"3995c8e\" data-element_type=\"widget\" data-widget_type=\"heading.default\">\n\t\t\t\t<div class=\"elementor-widget-container\">\n\t\t\t<h2 class=\"elementor-heading-title elementor-size-default\">Maquin\u00e1rios<\/h2>\t\t<\/div>\n\t\t\t\t<\/div>\n\t\t\t\t<div class=\"elementor-element elementor-element-3efc146 elementor-widget-divider--view-line elementor-widget elementor-widget-divider\" data-id=\"3efc146\" data-element_type=\"widget\" data-widget_type=\"divider.default\">\n\t\t\t\t<div class=\"elementor-widget-container\">\n\t\t\t\t\t<div class=\"elementor-divider\">\n\t\t\t<span class=\"elementor-divider-separator\">\n\t\t\t\t\t\t<\/span>\n\t\t<\/div>\n\t\t\t\t<\/div>\n\t\t\t\t<\/div>\n\t\t\t\t\t<\/div>\n\t\t\t\t<\/div>\n\t\t<div class=\"elementor-element elementor-element-4037208 e-flex e-con-boxed e-con e-child\" data-id=\"4037208\" data-element_type=\"container\">\n\t\t\t\t\t<div class=\"e-con-inner\">\n\t\t\t\t<div class=\"elementor-element elementor-element-e87aff2 elementor-widget__width-initial elementor-position-top elementor-widget elementor-widget-image-box\" data-id=\"e87aff2\" data-element_type=\"widget\" data-widget_type=\"image-box.default\">\n\t\t\t\t<div class=\"elementor-widget-container\">\n\t\t\t<div class=\"elementor-image-box-wrapper\"><figure class=\"elementor-image-box-img\"><img decoding=\"async\" width=\"500\" height=\"380\" src=\"https:\/\/uniacoferragens.com.br\/wp-content\/uploads\/2024\/04\/GUILHOTINA.png\" class=\"attachment-full size-full wp-image-592\" alt=\"\" \/><\/figure><div class=\"elementor-image-box-content\"><h3 class=\"elementor-image-box-title\">Guilhotina<\/h3><\/div><\/div>\t\t<\/div>\n\t\t\t\t<\/div>\n\t\t\t\t<div class=\"elementor-element elementor-element-e440b09 elementor-widget__width-initial elementor-position-top elementor-widget elementor-widget-image-box\" data-id=\"e440b09\" data-element_type=\"widget\" data-widget_type=\"image-box.default\">\n\t\t\t\t<div class=\"elementor-widget-container\">\n\t\t\t<div class=\"elementor-image-box-wrapper\"><figure class=\"elementor-image-box-img\"><img decoding=\"async\" width=\"645\" height=\"374\" src=\"https:\/\/uniacoferragens.com.br\/wp-content\/uploads\/2024\/04\/DOBRADEIRA-ALTA.jpg\" class=\"attachment-full size-full wp-image-590\" alt=\"\" \/><\/figure><div class=\"elementor-image-box-content\"><h3 class=\"elementor-image-box-title\">Dobradeira Alta<\/h3><\/div><\/div>\t\t<\/div>\n\t\t\t\t<\/div>\n\t\t\t\t\t<\/div>\n\t\t\t\t<\/div>\n\t\t<div class=\"elementor-element elementor-element-8eeb7dd e-flex e-con-boxed e-con e-child\" data-id=\"8eeb7dd\" data-element_type=\"container\">\n\t\t\t\t\t<div class=\"e-con-inner\">\n\t\t\t\t<div class=\"elementor-element elementor-element-9ee8fc0 elementor-widget__width-initial elementor-position-top elementor-widget elementor-widget-image-box\" data-id=\"9ee8fc0\" data-element_type=\"widget\" data-widget_type=\"image-box.default\">\n\t\t\t\t<div class=\"elementor-widget-container\">\n\t\t\t<div class=\"elementor-image-box-wrapper\"><figure class=\"elementor-image-box-img\"><img loading=\"lazy\" decoding=\"async\" width=\"787\" height=\"455\" src=\"https:\/\/uniacoferragens.com.br\/wp-content\/uploads\/2024\/04\/DOBRADEIRA.png\" class=\"attachment-full size-full wp-image-589\" alt=\"\" \/><\/figure><div class=\"elementor-image-box-content\"><h3 class=\"elementor-image-box-title\">Dobradeira<\/h3><\/div><\/div>\t\t<\/div>\n\t\t\t\t<\/div>\n\t\t\t\t<div class=\"elementor-element elementor-element-b508994 elementor-widget__width-initial elementor-position-top elementor-widget elementor-widget-image-box\" data-id=\"b508994\" data-element_type=\"widget\" data-widget_type=\"image-box.default\">\n\t\t\t\t<div class=\"elementor-widget-container\">\n\t\t\t<div class=\"elementor-image-box-wrapper\"><figure class=\"elementor-image-box-img\"><img loading=\"lazy\" decoding=\"async\" width=\"900\" height=\"900\" src=\"https:\/\/uniacoferragens.com.br\/wp-content\/uploads\/2024\/04\/PRENSA-2.jpg\" class=\"attachment-full size-full wp-image-588\" alt=\"\" \/><\/figure><div class=\"elementor-image-box-content\"><h3 class=\"elementor-image-box-title\">Prensa<\/h3><\/div><\/div>\t\t<\/div>\n\t\t\t\t<\/div>\n\t\t\t\t\t<\/div>\n\t\t\t\t<\/div>\n\t\t<div class=\"elementor-element elementor-element-c529266 e-flex e-con-boxed e-con e-child\" data-id=\"c529266\" data-element_type=\"container\">\n\t\t\t\t\t<div class=\"e-con-inner\">\n\t\t\t\t<div class=\"elementor-element elementor-element-9599730 elementor-widget__width-initial elementor-position-top elementor-widget elementor-widget-image-box\" data-id=\"9599730\" data-element_type=\"widget\" data-widget_type=\"image-box.default\">\n\t\t\t\t<div class=\"elementor-widget-container\">\n\t\t\t<div class=\"elementor-image-box-wrapper\"><figure class=\"elementor-image-box-img\"><img loading=\"lazy\" decoding=\"async\" width=\"1024\" height=\"768\" src=\"https:\/\/uniacoferragens.com.br\/wp-content\/uploads\/2024\/04\/perfiladeira-para-tira.jpg\" class=\"attachment-full size-full wp-image-587\" alt=\"\" \/><\/figure><div class=\"elementor-image-box-content\"><h3 class=\"elementor-image-box-title\">Prefiladeira Para Tira<\/h3><\/div><\/div>\t\t<\/div>\n\t\t\t\t<\/div>\n\t\t\t\t<div class=\"elementor-element elementor-element-2b79eaf elementor-widget__width-initial elementor-position-top elementor-widget elementor-widget-image-box\" data-id=\"2b79eaf\" data-element_type=\"widget\" data-widget_type=\"image-box.default\">\n\t\t\t\t<div class=\"elementor-widget-container\">\n\t\t\t<div class=\"elementor-image-box-wrapper\"><figure class=\"elementor-image-box-img\"><img loading=\"lazy\" decoding=\"async\" width=\"640\" height=\"415\" src=\"https:\/\/uniacoferragens.com.br\/wp-content\/uploads\/2024\/04\/maquina-corte-plasma-cnc.jpg\" class=\"attachment-full size-full wp-image-586\" alt=\"\" \/><\/figure><div class=\"elementor-image-box-content\"><h3 class=\"elementor-image-box-title\">Maquina de Corte Plasma<\/h3><\/div><\/div>\t\t<\/div>\n\t\t\t\t<\/div>\n\t\t\t\t\t<\/div>\n\t\t\t\t<\/div>\n\t\t\t\t<div class=\"elementor-element elementor-element-dfbbaa2 elementor-align-center elementor-widget elementor-widget-button\" data-id=\"dfbbaa2\" data-element_type=\"widget\" data-widget_type=\"button.default\">\n\t\t\t\t<div class=\"elementor-widget-container\">\n\t\t\t\t\t<div class=\"elementor-button-wrapper\">\n\t\t\t<a class=\"elementor-button elementor-button-link elementor-size-sm elementor-animation-pulse-grow\" href=\"https:\/\/wa.me\/5511940136649\">\n\t\t\t\t\t\t<span class=\"elementor-button-content-wrapper\">\n\t\t\t\t\t\t\t\t\t<span class=\"elementor-button-text\">Solicite um Or\u00e7amento<\/span>\n\t\t\t\t\t<\/span>\n\t\t\t\t\t<\/a>\n\t\t<\/div>\n\t\t\t\t<\/div>\n\t\t\t\t<\/div>\n\t\t\t\t\t<\/div>\n\t\t\t\t<\/div>\n\t\t<div class=\"elementor-element elementor-element-0f53723 e-flex e-con-boxed e-con e-parent\" data-id=\"0f53723\" data-element_type=\"container\">\n\t\t\t\t\t<div class=\"e-con-inner\">\n\t\t\t\t<div class=\"elementor-element elementor-element-3ec29d5 elementor-widget elementor-widget-google_maps\" data-id=\"3ec29d5\" data-element_type=\"widget\" data-widget_type=\"google_maps.default\">\n\t\t\t\t<div class=\"elementor-widget-container\">\n\t\t\t\t\t<div class=\"elementor-custom-embed\">\n\t\t\t<iframe loading=\"lazy\"\n\t\t\t\t\tsrc=\"https:\/\/maps.google.com\/maps?q=%20Av.%20Comendador%20Dante%20Carraro%2C%20941%20-%20Cidade%20Ariston%20Estela%20Azevedo%2C%20Carapicu%C3%ADba%20-%20SP%2C%2006396-000&#038;t=m&#038;z=13&#038;output=embed&#038;iwloc=near\"\n\t\t\t\t\ttitle=\" Av. Comendador Dante Carraro, 941 - Cidade Ariston Estela Azevedo, Carapicu\u00edba - SP, 06396-000\"\n\t\t\t\t\taria-label=\" Av. Comendador Dante Carraro, 941 - Cidade Ariston Estela Azevedo, Carapicu\u00edba - SP, 06396-000\"\n\t\t\t><\/iframe>\n\t\t<\/div>\n\t\t\t\t<\/div>\n\t\t\t\t<\/div>\n\t\t<div class=\"elementor-element elementor-element-425dad9 e-flex e-con-boxed e-con e-child\" data-id=\"425dad9\" data-element_type=\"container\">\n\t\t\t\t\t<div class=\"e-con-inner\">\n\t\t<div class=\"elementor-element elementor-element-63935b2 e-flex e-con-boxed e-con e-child\" data-id=\"63935b2\" data-element_type=\"container\">\n\t\t\t\t\t<div class=\"e-con-inner\">\n\t\t\t\t<div class=\"elementor-element elementor-element-13c2e46 elementor-widget elementor-widget-heading\" data-id=\"13c2e46\" data-element_type=\"widget\" data-widget_type=\"heading.default\">\n\t\t\t\t<div class=\"elementor-widget-container\">\n\t\t\t<h2 class=\"elementor-heading-title elementor-size-default\">Entre em Contato Agora<\/h2>\t\t<\/div>\n\t\t\t\t<\/div>\n\t\t\t\t<div class=\"elementor-element elementor-element-a66167a elementor-widget-divider--view-line elementor-widget elementor-widget-divider\" data-id=\"a66167a\" data-element_type=\"widget\" data-widget_type=\"divider.default\">\n\t\t\t\t<div class=\"elementor-widget-container\">\n\t\t\t\t\t<div class=\"elementor-divider\">\n\t\t\t<span class=\"elementor-divider-separator\">\n\t\t\t\t\t\t<\/span>\n\t\t<\/div>\n\t\t\t\t<\/div>\n\t\t\t\t<\/div>\n\t\t\t\t\t<\/div>\n\t\t\t\t<\/div>\n\t\t\t\t<div class=\"elementor-element elementor-element-59da2de elementor-align-center elementor-widget elementor-widget-button\" data-id=\"59da2de\" data-element_type=\"widget\" data-widget_type=\"button.default\">\n\t\t\t\t<div class=\"elementor-widget-container\">\n\t\t\t\t\t<div class=\"elementor-button-wrapper\">\n\t\t\t<a class=\"elementor-button elementor-button-link elementor-size-sm elementor-animation-pulse-grow\" href=\"#\">\n\t\t\t\t\t\t<span class=\"elementor-button-content-wrapper\">\n\t\t\t\t\t\t\t\t\t<span class=\"elementor-button-text\">Solicite um Or\u00e7amento<\/span>\n\t\t\t\t\t<\/span>\n\t\t\t\t\t<\/a>\n\t\t<\/div>\n\t\t\t\t<\/div>\n\t\t\t\t<\/div>\n\t\t\t\t\t<\/div>\n\t\t\t\t<\/div>\n\t\t\t\t\t<\/div>\n\t\t\t\t<\/div>\n\t\t\t\t<\/div>\n\t\t","protected":false},"excerpt":{"rendered":"<p>Projetos Recebemos diariamente projetos em que juntamente com o cliente entendemos a necessidade final para trazer solu\u00e7\u00f5es inovadoras e competitivas.Fazemos a leitura e interpreta\u00e7\u00e3o de desenho, a programa\u00e7\u00e3o e o desenvolvimento dos mais diversos produtos em chapas com corte e dobra, corte especiais em plasma visando sempre superar as expectativas.Para isso, contamos com uma equipe [&hellip;]<\/p>\n","protected":false},"author":1,"featured_media":0,"parent":0,"menu_order":0,"comment_status":"closed","ping_status":"closed","template":"elementor_header_footer","meta":{"footnotes":""},"_links":{"self":[{"href":"https:\/\/uniacoferragens.com.br\/index.php?rest_route=\/wp\/v2\/pages\/14"}],"collection":[{"href":"https:\/\/uniacoferragens.com.br\/index.php?rest_route=\/wp\/v2\/pages"}],"about":[{"href":"https:\/\/uniacoferragens.com.br\/index.php?rest_route=\/wp\/v2\/types\/page"}],"author":[{"embeddable":true,"href":"https:\/\/uniacoferragens.com.br\/index.php?rest_route=\/wp\/v2\/users\/1"}],"replies":[{"embeddable":true,"href":"https:\/\/uniacoferragens.com.br\/index.php?rest_route=%2Fwp%2Fv2%2Fcomments&post=14"}],"version-history":[{"count":44,"href":"https:\/\/uniacoferragens.com.br\/index.php?rest_route=\/wp\/v2\/pages\/14\/revisions"}],"predecessor-version":[{"id":882,"href":"https:\/\/uniacoferragens.com.br\/index.php?rest_route=\/wp\/v2\/pages\/14\/revisions\/882"}],"wp:attachment":[{"href":"https:\/\/uniacoferragens.com.br\/index.php?rest_route=%2Fwp%2Fv2%2Fmedia&parent=14"}],"curies":[{"name":"wp","href":"https:\/\/api.w.org\/{rel}","templated":true}]}}